{"id":328,"date":"2024-04-05T21:30:59","date_gmt":"2024-04-05T19:30:59","guid":{"rendered":"https:\/\/cajacordes.org.bo\/?page_id=328"},"modified":"2025-12-22T21:54:29","modified_gmt":"2025-12-23T01:54:29","slug":"descripcion-de-los-objetivos-y-funciones-principales-de-la-entidad-2","status":"publish","type":"page","link":"https:\/\/cajacordes.org.bo\/index.php\/descripcion-de-los-objetivos-y-funciones-principales-de-la-entidad-2\/","title":{"rendered":"Objetivos Institucionales."},"content":{"rendered":"\n<p>La Oficina Nacional de la Caja de Salud CORDES en su rol rector del sistema de gesti\u00f3n y modelo estrat\u00e9gico para las Administraciones &nbsp;Regionales y Distritales de la Caja de Salud CORDES ha conducido el proceso de alineaci\u00f3n a las pol\u00edticas y acciones de la Agenda Patri\u00f3tica del Bicentenario, y del Plan de Desarrollo Econ\u00f3mico y Social PDES &nbsp;2021-2025&nbsp; &nbsp;\u00abReconstruyendo &nbsp;la &nbsp;Econom\u00eda &nbsp;para &nbsp;Vivir &nbsp;Bien, &nbsp;Hacia &nbsp;la Industrializaci\u00f3n &nbsp;con &nbsp;Sustituci\u00f3n &nbsp;de Importaciones\u00bb &nbsp;siendo &nbsp;el Pilar\u00b7 3 \u00abSalud, Educaci\u00f3n y Deportes\u00bb &nbsp;y Eje &nbsp;6 \u00abSalud y Deportes &nbsp;para proteger&nbsp; &nbsp;la vida con cuidado integral en tiempos de pandemia\u00bb, as\u00ed como los lineamiento de pol\u00edtica (meta) &nbsp;la base y sustento para la formulaci\u00f3n &nbsp;del PEI 2021-2025 &nbsp;de la Caja de Salud CORDES, haciendo \u00e9nfasis en la Promoci\u00f3n de la Salud y la Prevenci\u00f3n de las Enfermedades.<\/p>\n\n\n\n<p>En &nbsp;ese marco, la elaboraci\u00f3n del Plan Estrat\u00e9gico Institucional PEI 2021-2025, responde a la necesidad de definir claramente la misi\u00f3n y visi\u00f3n frente al nuevo contexto&nbsp; externo&nbsp; &nbsp;e &nbsp;interno, &nbsp;que &nbsp;incluya&nbsp; &nbsp;el &nbsp;an\u00e1lisis de &nbsp;la &nbsp;situaci\u00f3n &nbsp;y&nbsp;&nbsp; la determinaci\u00f3n &nbsp;de objetivos &nbsp;estrat\u00e9gicos &nbsp;y de gesti\u00f3n&nbsp; para los pr\u00f3ximos &nbsp;cinco a\u00f1os, &nbsp;que &nbsp;posibilite la adecuaci\u00f3n &nbsp;institucional &nbsp;a &nbsp;las &nbsp;nuevas necesidades y demandas de los asegurados, en alineaci\u00f3n a las pol\u00edticas de salud sectoriales.&nbsp;<\/p>\n\n\n\n<p>As\u00ed, &nbsp;el Plan Estrat\u00e9gico &nbsp;Institucional &nbsp;de la &nbsp;Caja &nbsp;de Salud CORDES se plantea como una herramienta de gesti\u00f3n orientada al ordenamiento y racionalizaci\u00f3n del uso de los recursos financieros, humanos, materiales y t\u00e9cnicos de manera tal que se visualice&nbsp; mejor y se pueda medir el alcance de los objetivos y metas de la Instituci\u00f3n.&nbsp; &nbsp;<\/p>\n\n\n\n<p><strong>OBJETIVOS ESTRAT\u00c9GICOS INSTIT<\/strong><strong>U<\/strong><strong>C<\/strong><strong>I<\/strong><strong>O<\/strong><strong>N<\/strong><strong>A<\/strong><strong>L<\/strong><strong>E<\/strong><strong>S<\/strong>&nbsp;<\/p>\n\n\n\n<p>Despu\u00e9s de un an\u00e1lisis interno y externo de la Caja de Salud CORDES, existe la necesidad&nbsp;&nbsp; de &nbsp;establecer &nbsp;los &nbsp;objetivos &nbsp;estrat\u00e9gicos, &nbsp;mismos&nbsp; &nbsp;que &nbsp;deben &nbsp;ser resultado de la operacionalizaci\u00f3n de variables del An\u00e1lisis FODA y alineados al PDES Plan de Desarrollo Econ\u00f3mico y Social 2020 &#8211; 2025, PSDI Plan Sectorial de &nbsp;Desarrollo Integral &nbsp;del &nbsp;Ministerio &nbsp;de &nbsp;Salud &nbsp;y&nbsp; Deportes, &nbsp;as\u00ed &nbsp;como &nbsp;a &nbsp;la naturaleza jur\u00eddica, misi\u00f3n institucional y programas presupuestarios &nbsp;de la Caja de Salud CORDES registrados en el SIGEP, a saber:<\/p>\n\n\n\n<p><strong>OBJETIVO ESTRAT\u00c9GICO INSTITUCIONAL &nbsp;1:<\/strong><\/p>\n\n\n\n<p>Alcanzar al a\u00f1o 2025, la sostenibilidad econ\u00f3mica \u2013 financiera mediante un incremento de la poblaci\u00f3n asegurada activa.<\/p>\n\n\n\n<p><strong>OBJETIVO ESTRAT\u00c9GICO INSTITUCIONAL&nbsp; 2:<\/strong><\/p>\n\n\n\n<p>Garantizar y mejorar de forma continua la otorgaci\u00f3n de prestaciones a la poblaci\u00f3n asegurada para el cuidado de su salud.<\/p>\n\n\n\n<p><strong>OBJETIVO ESTRAT\u00c9GICO INSTITUCIONAL &nbsp;3:<\/strong><\/p>\n\n\n\n<p>Fortalecer la gesti\u00f3n Institucional con infraestructura y equipamiento moderno e interconectado con sistemas inform\u00e1ticos que aseguren la calidad de las prestaciones.<\/p>\n\n\n\n<p><\/p>\n\n\n\n<p><\/p>\n","protected":false},"excerpt":{"rendered":"<p>La Oficina Nacional de la Caja de Salud CORDES en su rol rector del sistema de gesti\u00f3n y modelo estrat\u00e9gico para las Administraciones &nbsp;Regionales y Distritales de la Caja de Salud CORDES ha conducido el proceso de alineaci\u00f3n a las pol\u00edticas y acciones de la Agenda Patri\u00f3tica del Bicentenario, y del Plan de Desarrollo Econ\u00f3mico [&hellip;]<\/p>\n","protected":false},"author":1,"featured_media":0,"parent":0,"menu_order":0,"comment_status":"closed","ping_status":"closed","template":"","meta":{"_acf_changed":false,"footnotes":""},"class_list":["post-328","page","type-page","status-publish","hentry"],"acf":[],"_hostinger_reach_plugin_has_subscription_block":false,"_hostinger_reach_plugin_is_elementor":false,"_links":{"self":[{"href":"https:\/\/cajacordes.org.bo\/index.php\/wp-json\/wp\/v2\/pages\/328","targetHints":{"allow":["GET"]}}],"collection":[{"href":"https:\/\/cajacordes.org.bo\/index.php\/wp-json\/wp\/v2\/pages"}],"about":[{"href":"https:\/\/cajacordes.org.bo\/index.php\/wp-json\/wp\/v2\/types\/page"}],"author":[{"embeddable":true,"href":"https:\/\/cajacordes.org.bo\/index.php\/wp-json\/wp\/v2\/users\/1"}],"replies":[{"embeddable":true,"href":"https:\/\/cajacordes.org.bo\/index.php\/wp-json\/wp\/v2\/comments?post=328"}],"version-history":[{"count":16,"href":"https:\/\/cajacordes.org.bo\/index.php\/wp-json\/wp\/v2\/pages\/328\/revisions"}],"predecessor-version":[{"id":19281,"href":"https:\/\/cajacordes.org.bo\/index.php\/wp-json\/wp\/v2\/pages\/328\/revisions\/19281"}],"wp:attachment":[{"href":"https:\/\/cajacordes.org.bo\/index.php\/wp-json\/wp\/v2\/media?parent=328"}],"curies":[{"name":"wp","href":"https:\/\/api.w.org\/{rel}","templated":true}]}}