{"id":321,"date":"2024-04-05T21:30:47","date_gmt":"2024-04-05T19:30:47","guid":{"rendered":"https:\/\/cajacordes.org.bo\/?page_id=321"},"modified":"2025-12-22T21:53:24","modified_gmt":"2025-12-23T01:53:24","slug":"breve-historia-o-resena-sobre-la-creacion-y-evolucion-de-la-entidad","status":"publish","type":"page","link":"https:\/\/cajacordes.org.bo\/index.php\/breve-historia-o-resena-sobre-la-creacion-y-evolucion-de-la-entidad\/","title":{"rendered":"Rese\u00f1a Hist\u00f3rica"},"content":{"rendered":"\n<figure class=\"wp-block-image size-large is-resized\"><img loading=\"lazy\" decoding=\"async\" width=\"1024\" height=\"768\" src=\"https:\/\/cajacordes.org.bo\/wp-content\/uploads\/2025\/12\/reg_lp2025-1024x768.jpg\" alt=\"\" class=\"wp-image-19052\" style=\"width:819px;height:auto\" srcset=\"https:\/\/cajacordes.org.bo\/wp-content\/uploads\/2025\/12\/reg_lp2025-1024x768.jpg 1024w, https:\/\/cajacordes.org.bo\/wp-content\/uploads\/2025\/12\/reg_lp2025-300x225.jpg 300w, https:\/\/cajacordes.org.bo\/wp-content\/uploads\/2025\/12\/reg_lp2025-768x576.jpg 768w, https:\/\/cajacordes.org.bo\/wp-content\/uploads\/2025\/12\/reg_lp2025-1536x1152.jpg 1536w, https:\/\/cajacordes.org.bo\/wp-content\/uploads\/2025\/12\/reg_lp2025.jpg 1600w\" sizes=\"auto, (max-width: 1024px) 100vw, 1024px\" \/><\/figure>\n\n\n\n<p class=\"has-medium-font-size\">La&nbsp;<strong>Caja de Salud CORDES<\/strong>, mediante Resoluci\u00f3n Suprema 170488 de 11 de septiembre de 1973 se crea el Seguro Social de la Corporaci\u00f3n Boliviana de Fomento (C.B.F.), con la finalidad de administrar el Seguro de Salud y el R\u00e9gimen Complementario de Pensiones.&nbsp;<\/p>\n\n\n\n<p>Desde su inicio fue una Instituci\u00f3n de Derecho P\u00fablico con personalidad jur\u00eddica, con autonom\u00eda de gesti\u00f3n econ\u00f3mica financiera, funcionando bajo la tuici\u00f3n del Ministerio de Previsi\u00f3n Social y Salud P\u00fablica, con la supervisi\u00f3n T\u00e9cnica Administrativa del Instituto Boliviano de Seguridad Social (I.B.S.S.). En las disposiciones legales de origen en ninguna parte se\u00f1ala o menciona el t\u00e9rmino de \u201cDelegaci\u00f3n\u201d.&nbsp;<\/p>\n\n\n\n<p>Con el D. S. No. 21060 en 1985 se disuelve la Corporaci\u00f3n Boliviana de Fomento (CBF) y se transfieren todos los activos y acciones a las Corporaciones Regionales de Desarrollo, el Seguro Social adopta el nombre de Caja Integral de las Corporaciones de Desarrollo, con \u00e1mbito de aplicaci\u00f3n a nivel Nacional.&nbsp;<\/p>\n\n\n\n<p>Mediante Decreto Supremo No. 21637 de 25 de junio de 1987, se dispone la vigencia de la Caja de Salud de las Corporaciones de Desarrollo, en concordancia con el Art. 36 del citado decreto, en forma transitoria la vigencia del Seguro Integral.&nbsp;<\/p>\n\n\n\n<p>En 6 de Julio de 1993 el Instituto Boliviano de Seguridad Social (IBSS)&nbsp;mediante Resoluci\u00f3n Administrativa No. 03-026-93, la misma que es&nbsp;homologada por Resoluci\u00f3n Ministerial No. 0758 de 5 de agosto de 1993, dispuso el cambio de nombre determinando que la Caja Integral de las Corporaciones pasa a denominarse Caja de Salud de las Corporaciones de Desarrollo, para otorgar prestaciones del Seguro Social a Corto Plazo.&nbsp;<\/p>\n\n\n\n<p>Con la Ley de Descentralizaci\u00f3n Administrativa No. 1654, Art. 26\u00ba, de fecha 28 de julio de 1995 dispone se disuelvan las Corporaciones Regionales de Desarrollo transfiriendo el patrimonio y la administraci\u00f3n a las Prefecturas.&nbsp;<\/p>\n\n\n\n<p>Con la promulgaci\u00f3n del Decreto Supremo No. 24855 de fecha 22 de septiembre de 1997, el mismo que reglamenta la ley de Organizaci\u00f3n del Poder Ejecutivo en su Art. 45, inc. VII se ratifica la vigencia de la Caja de Salud CORDES.&nbsp;<\/p>\n\n\n\n<p>A partir del mes de mayo de 2000, el Supremo Gobierno a trav\u00e9s del Ministerio de Salud, designa a los miembros del Honorable Directorio, situaci\u00f3n que da legalidad definitiva a las acciones de la Instituci\u00f3n.&nbsp;<\/p>\n\n\n\n<p>En el mes de marzo de 2003 la Ley No. 2446 de la Organizaci\u00f3n del Poder Ejecutivo (Ley LOPE), y el Decreto Supremo No. 26973, Art. 44 cambia la estructura de la Organizaci\u00f3n, creando un Presidente de Directorio, Director Ejecutivo como M\u00e1xima Autoridad Ejecutiva (MAE) y Directores de \u00c1rea.&nbsp;<\/p>\n\n\n\n<p class=\"has-medium-font-size\">La Ley 3351 de la Organizaci\u00f3n del Poder Ejecutivo (Ley LOPE), de fecha&nbsp;21 de febrero 2006, y su D. S. Reglamentario No. 28631 de fecha 8 de marzo de 2006, ratifica la vigencia de la Caja de Salud CORDES, como consecuencia del crecimiento de su poblaci\u00f3n asegurada, tanto en las&nbsp;ciudades como en el \u00e1rea rural, &nbsp;nos obliga a Plantear ajustes en&nbsp;la Estructura de Organizaci\u00f3n Administrativa.<\/p>\n\n\n\n<p><\/p>\n","protected":false},"excerpt":{"rendered":"<p>La&nbsp;Caja de Salud CORDES, mediante Resoluci\u00f3n Suprema 170488 de 11 de septiembre de 1973 se crea el Seguro Social de la Corporaci\u00f3n Boliviana de Fomento (C.B.F.), con la finalidad de administrar el Seguro de Salud y el R\u00e9gimen Complementario de Pensiones.&nbsp; Desde su inicio fue una Instituci\u00f3n de Derecho P\u00fablico con personalidad jur\u00eddica, con autonom\u00eda [&hellip;]<\/p>\n","protected":false},"author":1,"featured_media":16967,"parent":0,"menu_order":0,"comment_status":"closed","ping_status":"closed","template":"","meta":{"_acf_changed":false,"footnotes":""},"class_list":["post-321","page","type-page","status-publish","has-post-thumbnail","hentry"],"acf":[],"_hostinger_reach_plugin_has_subscription_block":false,"_hostinger_reach_plugin_is_elementor":false,"_links":{"self":[{"href":"https:\/\/cajacordes.org.bo\/index.php\/wp-json\/wp\/v2\/pages\/321","targetHints":{"allow":["GET"]}}],"collection":[{"href":"https:\/\/cajacordes.org.bo\/index.php\/wp-json\/wp\/v2\/pages"}],"about":[{"href":"https:\/\/cajacordes.org.bo\/index.php\/wp-json\/wp\/v2\/types\/page"}],"author":[{"embeddable":true,"href":"https:\/\/cajacordes.org.bo\/index.php\/wp-json\/wp\/v2\/users\/1"}],"replies":[{"embeddable":true,"href":"https:\/\/cajacordes.org.bo\/index.php\/wp-json\/wp\/v2\/comments?post=321"}],"version-history":[{"count":23,"href":"https:\/\/cajacordes.org.bo\/index.php\/wp-json\/wp\/v2\/pages\/321\/revisions"}],"predecessor-version":[{"id":19280,"href":"https:\/\/cajacordes.org.bo\/index.php\/wp-json\/wp\/v2\/pages\/321\/revisions\/19280"}],"wp:featuredmedia":[{"embeddable":true,"href":"https:\/\/cajacordes.org.bo\/index.php\/wp-json\/wp\/v2\/media\/16967"}],"wp:attachment":[{"href":"https:\/\/cajacordes.org.bo\/index.php\/wp-json\/wp\/v2\/media?parent=321"}],"curies":[{"name":"wp","href":"https:\/\/api.w.org\/{rel}","templated":true}]}}